{"id":46,"date":"2015-12-04T08:13:26","date_gmt":"2015-12-04T08:13:26","guid":{"rendered":"http:\/\/kkskozienice.pl\/?page_id=46"},"modified":"2026-03-07T14:39:12","modified_gmt":"2026-03-07T14:39:12","slug":"domowa-2","status":"publish","type":"page","link":"http:\/\/kkskozienice.pl\/","title":{"rendered":"START"},"content":{"rendered":"<div id=\"pl-46\"  class=\"panel-layout\" ><div id=\"pg-46-0\"  class=\"panel-grid panel-no-style\" ><div id=\"pgc-46-0-0\"  class=\"panel-grid-cell\" ><div id=\"panel-46-0-0-0\" class=\"so-panel widget widget_sow-post-carousel panel-first-child\" data-index=\"0\" ><div class=\"so-widget-sow-post-carousel so-widget-sow-post-carousel-default-cea027ed113e\">\n\t<div class=\"sow-carousel-title has-title\">\n\t\t<h3 class=\"widget-title\">AKTUALNO\u015aCI<\/h3>\n\t\t<div class=\"sow-carousel-navigation\">\n\t\t\t<a href=\"#\" class=\"sow-carousel-next\" title=\"Next\" aria-label=\"Next Posts\" role=\"button\"><\/a>\n\t\t\t<a href=\"#\" class=\"sow-carousel-previous\" title=\"Previous\" aria-label=\"Previous Posts\" role=\"button\"><\/a>\n\t\t<\/div>\n\n\t<\/div>\n\n\t<div class=\"sow-carousel-container\">\n\n\t\t<a href=\"#\" class=\"sow-carousel-previous\" title=\"Previous\" aria-label=\"Previous Posts\" role=\"button\"><\/a>\n\n\t\t<a href=\"#\" class=\"sow-carousel-next\" title=\"Next\" aria-label=\"Next Posts\" role=\"button\"><\/a>\n\n\t\t<div class=\"sow-carousel-wrapper\"\n\t\t     data-post-count=\"651\"\n\t\t     data-loop-posts-enabled=\"1\"\n\t\t     data-ajax-url=\"http:\/\/kkskozienice.pl\/wp-admin\/admin-ajax.php?_widgets_nonce=eebba2033c\"\n\t\t     data-page=\"1\"\n\t\t     data-fetching=\"false\"\n\t\t     data-dir=\"ltr\"\n\t\t>\n\t\t\t<div class=\"sow-carousel-items\">\n\t\t\t\t\t<div class=\"sow-carousel-item\" tabindex=\"-1\">\n\t\t<div class=\"sow-carousel-thumbnail\">\n\t\t\t\t\t\t\t<a href=\"http:\/\/kkskozienice.pl\/?p=11445\" style=\"background-image: url(http:\/\/kkskozienice.pl\/wp-content\/uploads\/2026\/04\/f801740c-fa36-4d77-95a2-1ace3c5fc827-272x182.jpg)\" aria-labelledby=\"sow-carousel-id-11445\" tabindex=\"-1\">\n\t\t\t\t\t<span class=\"overlay\"><\/span>\n\t\t\t\t<\/a>\n\t\t\t\t\t<\/div>\n\t\t<h3><a href=\"http:\/\/kkskozienice.pl\/?p=11445\" id=\"sow-carousel-id-11445\" tabindex=\"-1\">Regionalna Liga M\u0142odzie\u017cy. Rozgrywki trwaj\u0105 w najlepsze<\/a><\/h3>\n\t<\/div>\n\t<div class=\"sow-carousel-item\" tabindex=\"-1\">\n\t\t<div class=\"sow-carousel-thumbnail\">\n\t\t\t\t\t\t\t<a href=\"http:\/\/kkskozienice.pl\/?p=11438\" style=\"background-image: url(http:\/\/kkskozienice.pl\/wp-content\/uploads\/2026\/03\/image075.jpg)\" aria-labelledby=\"sow-carousel-id-11438\" tabindex=\"-1\">\n\t\t\t\t\t<span class=\"overlay\"><\/span>\n\t\t\t\t<\/a>\n\t\t\t\t\t<\/div>\n\t\t<h3><a href=\"http:\/\/kkskozienice.pl\/?p=11438\" id=\"sow-carousel-id-11438\" tabindex=\"-1\">KKS bez punkt\u00f3w w ostatnim meczu sezon\u00f3w, ale to nic nie zmienia<\/a><\/h3>\n\t<\/div>\n\t<div class=\"sow-carousel-item\" tabindex=\"-1\">\n\t\t<div class=\"sow-carousel-thumbnail\">\n\t\t\t\t\t\t\t<a href=\"http:\/\/kkskozienice.pl\/?p=11433\" style=\"background-image: url(http:\/\/kkskozienice.pl\/wp-content\/uploads\/2026\/03\/wola-272x182.jpg)\" aria-labelledby=\"sow-carousel-id-11433\" tabindex=\"-1\">\n\t\t\t\t\t<span class=\"overlay\"><\/span>\n\t\t\t\t<\/a>\n\t\t\t\t\t<\/div>\n\t\t<h3><a href=\"http:\/\/kkskozienice.pl\/?p=11433\" id=\"sow-carousel-id-11433\" tabindex=\"-1\">Ostatni mecz sezonu. Jedziemy do stolicy<\/a><\/h3>\n\t<\/div>\n\t<div class=\"sow-carousel-item\" tabindex=\"-1\">\n\t\t<div class=\"sow-carousel-thumbnail\">\n\t\t\t\t\t\t\t<a href=\"http:\/\/kkskozienice.pl\/?p=11427\" style=\"background-image: url(http:\/\/kkskozienice.pl\/wp-content\/uploads\/2026\/03\/image035-272x182.jpg)\" aria-labelledby=\"sow-carousel-id-11427\" tabindex=\"-1\">\n\t\t\t\t\t<span class=\"overlay\"><\/span>\n\t\t\t\t<\/a>\n\t\t\t\t\t<\/div>\n\t\t<h3><a href=\"http:\/\/kkskozienice.pl\/?p=11427\" id=\"sow-carousel-id-11427\" tabindex=\"-1\">KKS bez punkt\u00f3w, ale dalej w 2. lidze<\/a><\/h3>\n\t<\/div>\n\t<div class=\"sow-carousel-item\" tabindex=\"-1\">\n\t\t<div class=\"sow-carousel-thumbnail\">\n\t\t\t\t\t\t\t<a href=\"http:\/\/kkskozienice.pl\/?p=11424\" style=\"background-image: url(http:\/\/kkskozienice.pl\/wp-content\/uploads\/2026\/02\/kkkkk-272x182.jpg)\" aria-labelledby=\"sow-carousel-id-11424\" tabindex=\"-1\">\n\t\t\t\t\t<span class=\"overlay\"><\/span>\n\t\t\t\t<\/a>\n\t\t\t\t\t<\/div>\n\t\t<h3><a href=\"http:\/\/kkskozienice.pl\/?p=11424\" id=\"sow-carousel-id-11424\" tabindex=\"-1\">W sobot\u0119 gramy u siebie. Ostatnie domowe spotkanie w tym sezonie<\/a><\/h3>\n\t<\/div>\n\t<div class=\"sow-carousel-item\" tabindex=\"-1\">\n\t\t<div class=\"sow-carousel-thumbnail\">\n\t\t\t\t\t\t\t<a href=\"http:\/\/kkskozienice.pl\/?p=11420\" style=\"background-image: url(http:\/\/kkskozienice.pl\/wp-content\/uploads\/2026\/02\/image044-272x182.jpg)\" aria-labelledby=\"sow-carousel-id-11420\" tabindex=\"-1\">\n\t\t\t\t\t<span class=\"overlay\"><\/span>\n\t\t\t\t<\/a>\n\t\t\t\t\t<\/div>\n\t\t<h3><a href=\"http:\/\/kkskozienice.pl\/?p=11420\" id=\"sow-carousel-id-11420\" tabindex=\"-1\">Nie by\u0142o niespodzianki. Pewne zwyci\u0119stwo Campera<\/a><\/h3>\n\t<\/div>\n\t<div class=\"sow-carousel-item\" tabindex=\"-1\">\n\t\t<div class=\"sow-carousel-thumbnail\">\n\t\t\t\t\t\t\t<a href=\"http:\/\/kkskozienice.pl\/?p=11415\" style=\"background-image: url(http:\/\/kkskozienice.pl\/wp-content\/uploads\/2026\/02\/image065-272x182.jpg)\" aria-labelledby=\"sow-carousel-id-11415\" tabindex=\"-1\">\n\t\t\t\t\t<span class=\"overlay\"><\/span>\n\t\t\t\t<\/a>\n\t\t\t\t\t<\/div>\n\t\t<h3><a href=\"http:\/\/kkskozienice.pl\/?p=11415\" id=\"sow-carousel-id-11415\" tabindex=\"-1\">Sezon na finiszu. W sobot\u0119 jedziemy do wicelidera<\/a><\/h3>\n\t<\/div>\n\t<div class=\"sow-carousel-item\" tabindex=\"-1\">\n\t\t<div class=\"sow-carousel-thumbnail\">\n\t\t\t\t\t\t\t<a href=\"http:\/\/kkskozienice.pl\/?p=11408\" style=\"background-image: url(http:\/\/kkskozienice.pl\/wp-content\/uploads\/2026\/02\/image001-272x182.jpg)\" aria-labelledby=\"sow-carousel-id-11408\" tabindex=\"-1\">\n\t\t\t\t\t<span class=\"overlay\"><\/span>\n\t\t\t\t<\/a>\n\t\t\t\t\t<\/div>\n\t\t<h3><a href=\"http:\/\/kkskozienice.pl\/?p=11408\" id=\"sow-carousel-id-11408\" tabindex=\"-1\">Walentynkowy thriller z happy-endem. KKS pokona\u0142 BAS po pi\u0119ciosetowym boju<\/a><\/h3>\n\t<\/div>\n\t<div class=\"sow-carousel-item\" tabindex=\"-1\">\n\t\t<div class=\"sow-carousel-thumbnail\">\n\t\t\t\t\t\t\t<a href=\"http:\/\/kkskozienice.pl\/?p=11404\" style=\"background-image: url(http:\/\/kkskozienice.pl\/wp-content\/uploads\/2026\/02\/kks1-272x182.jpg)\" aria-labelledby=\"sow-carousel-id-11404\" tabindex=\"-1\">\n\t\t\t\t\t<span class=\"overlay\"><\/span>\n\t\t\t\t<\/a>\n\t\t\t\t\t<\/div>\n\t\t<h3><a href=\"http:\/\/kkskozienice.pl\/?p=11404\" id=\"sow-carousel-id-11404\" tabindex=\"-1\">W sobot\u0119 gramy u siebie. Walczymy o dalsz\u0105 gr\u0119 w 2. lidze<\/a><\/h3>\n\t<\/div>\n\t<div class=\"sow-carousel-item\" tabindex=\"-1\">\n\t\t<div class=\"sow-carousel-thumbnail\">\n\t\t\t\t\t\t\t<a href=\"http:\/\/kkskozienice.pl\/?p=11401\" style=\"background-image: url(http:\/\/kkskozienice.pl\/wp-content\/uploads\/2026\/02\/image057-272x182.jpg)\" aria-labelledby=\"sow-carousel-id-11401\" tabindex=\"-1\">\n\t\t\t\t\t<span class=\"overlay\"><\/span>\n\t\t\t\t<\/a>\n\t\t\t\t\t<\/div>\n\t\t<h3><a href=\"http:\/\/kkskozienice.pl\/?p=11401\" id=\"sow-carousel-id-11401\" tabindex=\"-1\">Bez niespodzianki w P\u0142ocku. Pewna wygrana lidera<\/a><\/h3>\n\t<\/div>\n\t\t\t<\/div>\n\t\t<\/div>\n\t<\/div>\n\t<input type=\"hidden\" name=\"instance_hash\" value=\"2cead22b\"\/>\n<\/div><\/div><div id=\"panel-46-0-0-1\" class=\"so-panel widget widget_black-studio-tinymce widget_black_studio_tinymce panel-last-child\" data-index=\"1\" ><div class=\"panel-widget-style panel-widget-style-for-46-0-0-1\" ><h3 class=\"widget-title\">NAJBLI\u017bSZY MECZ U SIEBIE<\/h3><div class=\"textwidget\"><\/div><\/div><\/div><\/div><\/div><div id=\"pg-46-1\"  class=\"panel-grid panel-no-style\" ><div id=\"pgc-46-1-0\"  class=\"panel-grid-cell\" ><div id=\"panel-46-1-0-0\" class=\"so-panel widget widget_black-studio-tinymce widget_black_studio_tinymce panel-first-child\" data-index=\"2\" ><div class=\"panel-widget-style panel-widget-style-for-46-1-0-0\" ><h3 class=\"widget-title\">OTWARTE TRENINGI DLA DZIECI I M\u0141ODZIE\u017bY!<\/h3><div class=\"textwidget\"><p><strong>CHCESZ TRENOWA\u0106 SIATK\u00d3WK\u0118? PRZYJD\u0179 NA TRENING<br \/>\n<\/strong><em>Ch\u0142opaku i dziewczyno, je\u015bli masz ch\u0119\u0107 si\u0119 sprawdzi\u0107 i spr\u00f3bowa\u0107 swoich si\u0142 zapraszamy na trening! Zobaczysz jak trenuj\u0105 inni i sam zadecydujesz czy chcesz za kilka lat reprezentowa\u0107 nasz klub KKS Kozienice!<\/em><\/p>\n<p><strong>Grupa: ch\u0142opcy \/ dziewcz\u0119ta z rocznik\u00f3w 2014-15<\/strong><br \/>\nPoniedzia\u0142ki w godz. 16.00-17.30, \u015brody w godz. 17.00-18.30 \u2013 Janusz Rdu\u0142towski<\/p>\n<p><strong>Grupa: dziewcz\u0119ta z rocznik\u00f3w 2012-2013<\/strong><br \/>\nWtorki i czwartki, w godz. 16.00-17.30 \u2013 Janusz Rdu\u0142towski<\/p>\n<p><strong>Grupa: dziewcz\u0119ta z rocznik\u00f3w 2010-11<\/strong><br \/>\nWtorki i czwartki w godz. 17.30-19.00 \u2013 Janusz Rdu\u0142towski<\/p>\n<p><strong>Grupa: kadeci<\/strong><br \/>\n\u015arody w godz. 18.30-20.00, pi\u0105tki w godz. 17.30-19.00 \u2013 Marek Grzelczak<\/p>\n<p><strong>Grupa: siatkarskie przedszkole<\/strong><br \/>\nPoniedzia\u0142ki w godz. 16:15-17:45, \u015brody w godz. 17:00-19:00 \u2013 Monika Lipi\u0144ska-Jeziorowska<\/p>\n<p><span style=\"font-size: 14px;\">Wszystkich zainteresowanych prosimy o kontakt lub zapraszamy bezpo\u015brednio na trening!<br \/>\n<\/span><span style=\"color: #3366ff;\">kkskozienice@gmail.com<\/span><\/p>\n<\/div><\/div><\/div><div id=\"panel-46-1-0-1\" class=\"so-panel widget widget_text panel-last-child\" data-index=\"3\" >\t\t\t<div class=\"textwidget\">Wszystkie zdj\u0119cia na tej stronie s\u0105 chronione prawem autorskim. Zabrania si\u0119 kopiowania oraz wykorzystywania zdj\u0119\u0107 w jakikolwiek spos\u00f3b. Nieprzestrzeganie zakazu niesie za sob\u0105 skutki prawne. \nThe digital images contained in the (kkskozienice.pl) are protected by copyright. It is prohibited to copy and use images in any way. Failure to comply with the prohibition results in legal consequences.<\/div>\n\t\t<\/div><\/div><\/div><\/div>","protected":false},"excerpt":{"rendered":"<p>NAJBLI\u017bSZY MECZ U SIEBIE OTWARTE TRENINGI DLA DZIECI I M\u0141ODZIE\u017bY! CHCESZ TRENOWA\u0106 SIATK\u00d3WK\u0118? PRZYJD\u0179 NA TRENING Ch\u0142opaku i dziewczyno, je\u015bli masz ch\u0119\u0107 si\u0119 sprawdzi\u0107 i spr\u00f3bowa\u0107 swoich si\u0142 zapraszamy na trening! Zobaczysz jak trenuj\u0105 inni i sam zadecydujesz czy chcesz za kilka lat reprezentowa\u0107 nasz klub KKS Kozienice! Grupa: ch\u0142opcy \/ dziewcz\u0119ta z rocznik\u00f3w 2014-15 [&hellip;]<\/p>\n","protected":false},"author":1,"featured_media":0,"parent":0,"menu_order":0,"comment_status":"closed","ping_status":"closed","template":"","meta":[],"yoast_head":"<!-- This site is optimized with the Yoast SEO plugin v15.2 - https:\/\/yoast.com\/wordpress\/plugins\/seo\/ -->\n<title>START -<\/title>\n<meta name=\"robots\" content=\"index, follow, max-snippet:-1, max-image-preview:large, max-video-preview:-1\" \/>\n<link rel=\"canonical\" href=\"http:\/\/kkskozienice.pl\/\" \/>\n<meta property=\"og:locale\" content=\"pl_PL\" \/>\n<meta property=\"og:type\" content=\"article\" \/>\n<meta property=\"og:title\" content=\"START -\" \/>\n<meta property=\"og:description\" content=\"NAJBLI\u017bSZY MECZ U SIEBIE OTWARTE TRENINGI DLA DZIECI I M\u0141ODZIE\u017bY! CHCESZ TRENOWA\u0106 SIATK\u00d3WK\u0118? PRZYJD\u0179 NA TRENING Ch\u0142opaku i dziewczyno, je\u015bli masz ch\u0119\u0107 si\u0119 sprawdzi\u0107 i spr\u00f3bowa\u0107 swoich si\u0142 zapraszamy na trening! Zobaczysz jak trenuj\u0105 inni i sam zadecydujesz czy chcesz za kilka lat reprezentowa\u0107 nasz klub KKS Kozienice! Grupa: ch\u0142opcy \/ dziewcz\u0119ta z rocznik\u00f3w 2014-15 [&hellip;]\" \/>\n<meta property=\"og:url\" content=\"http:\/\/kkskozienice.pl\/\" \/>\n<meta property=\"article:publisher\" content=\"https:\/\/www.facebook.com\/EneaKksKozienice\" \/>\n<meta property=\"article:modified_time\" content=\"2026-03-07T14:39:12+00:00\" \/>\n<meta property=\"og:image\" content=\"http:\/\/kkskozienice.pl\/wp-content\/uploads\/2021\/10\/1-sklad.jpg\" \/>\n\t<meta property=\"og:image:width\" content=\"2048\" \/>\n\t<meta property=\"og:image:height\" content=\"1367\" \/>\n<meta name=\"twitter:card\" content=\"summary_large_image\" \/>\n<meta name=\"twitter:creator\" content=\"@KKSKozienice\" \/>\n<meta name=\"twitter:site\" content=\"@KKSKozienice\" \/>\n<meta name=\"twitter:label1\" value=\"Written by\">\n\t<meta name=\"twitter:data1\" value=\"kkskozienice\">\n\t<meta name=\"twitter:label2\" value=\"Est. reading time\">\n\t<meta name=\"twitter:data2\" value=\"1 minuta\">\n<script type=\"application\/ld+json\" class=\"yoast-schema-graph\">{\"@context\":\"https:\/\/schema.org\",\"@graph\":[{\"@type\":\"WebSite\",\"@id\":\"http:\/\/kkskozienice.pl\/#website\",\"url\":\"http:\/\/kkskozienice.pl\/\",\"name\":\"\",\"description\":\"\",\"potentialAction\":[{\"@type\":\"SearchAction\",\"target\":\"http:\/\/kkskozienice.pl\/?s={search_term_string}\",\"query-input\":\"required name=search_term_string\"}],\"inLanguage\":\"pl-PL\"},{\"@type\":\"WebPage\",\"@id\":\"http:\/\/kkskozienice.pl\/#webpage\",\"url\":\"http:\/\/kkskozienice.pl\/\",\"name\":\"START -\",\"isPartOf\":{\"@id\":\"http:\/\/kkskozienice.pl\/#website\"},\"datePublished\":\"2015-12-04T08:13:26+00:00\",\"dateModified\":\"2026-03-07T14:39:12+00:00\",\"inLanguage\":\"pl-PL\",\"potentialAction\":[{\"@type\":\"ReadAction\",\"target\":[\"http:\/\/kkskozienice.pl\/\"]}]}]}<\/script>\n<!-- \/ Yoast SEO plugin. -->","_links":{"self":[{"href":"http:\/\/kkskozienice.pl\/index.php?rest_route=\/wp\/v2\/pages\/46"}],"collection":[{"href":"http:\/\/kkskozienice.pl\/index.php?rest_route=\/wp\/v2\/pages"}],"about":[{"href":"http:\/\/kkskozienice.pl\/index.php?rest_route=\/wp\/v2\/types\/page"}],"author":[{"embeddable":true,"href":"http:\/\/kkskozienice.pl\/index.php?rest_route=\/wp\/v2\/users\/1"}],"replies":[{"embeddable":true,"href":"http:\/\/kkskozienice.pl\/index.php?rest_route=%2Fwp%2Fv2%2Fcomments&post=46"}],"version-history":[{"count":599,"href":"http:\/\/kkskozienice.pl\/index.php?rest_route=\/wp\/v2\/pages\/46\/revisions"}],"predecessor-version":[{"id":11443,"href":"http:\/\/kkskozienice.pl\/index.php?rest_route=\/wp\/v2\/pages\/46\/revisions\/11443"}],"wp:attachment":[{"href":"http:\/\/kkskozienice.pl\/index.php?rest_route=%2Fwp%2Fv2%2Fmedia&parent=46"}],"curies":[{"name":"wp","href":"https:\/\/api.w.org\/{rel}","templated":true}]}}